{"id":172,"date":"2020-11-14T14:24:18","date_gmt":"2020-11-14T12:24:18","guid":{"rendered":"http:\/\/vdfalcao.imdveg5o9e-ewx3llzl83zq.p.temp-site.link\/?page_id=172"},"modified":"2020-12-18T19:45:37","modified_gmt":"2020-12-18T17:45:37","slug":"audit","status":"publish","type":"page","link":"https:\/\/vdf-moldes.com\/?page_id=172","title":{"rendered":"Audit"},"content":{"rendered":"\n<p>Avant de nous engager mutuellement sur de futurs projets, nous conseillons l&#8217;organisation pr\u00e9alable d&#8217;un audit de votre structure. Cette premi\u00e8re \u00e9tape peut paraitre d\u00e9risoire, mais elle permettra \u00e0 notre \u00e9quipe de mieux comprendre votre organisation, votre structure mais aussi de connaitre tous les intervenants.<\/p>\n\n\n\n<p>Une fois r\u00e9alis\u00e9, l&#8217;audit nous permettra de d\u00e9finir au mieux les proc\u00e9dures et les m\u00e9thodes \u00e0 mettre en place pour respecter votre cahier des charges et surtout \u00e9viter ainsi toute confusion.<\/p>\n","protected":false},"excerpt":{"rendered":"<p>Avant de nous engager mutuellement sur de futurs projets, nous conseillons l&#8217;organisation pr\u00e9alable d&#8217;un audit de votre structure. Cette premi\u00e8re \u00e9tape peut paraitre d\u00e9risoire, mais elle permettra \u00e0 notre \u00e9quipe de mieux comprendre votre organisation, votre structure mais aussi de connaitre tous les intervenants. Une fois r\u00e9alis\u00e9, l&#8217;audit nous permettra de d\u00e9finir au mieux les [&hellip;]<\/p>\n","protected":false},"author":1,"featured_media":0,"parent":24,"menu_order":0,"comment_status":"closed","ping_status":"closed","template":"templates\/template_page-full-width.php","meta":{"footnotes":""},"class_list":["post-172","page","type-page","status-publish","hentry"],"_links":{"self":[{"href":"https:\/\/vdf-moldes.com\/index.php?rest_route=\/wp\/v2\/pages\/172","targetHints":{"allow":["GET"]}}],"collection":[{"href":"https:\/\/vdf-moldes.com\/index.php?rest_route=\/wp\/v2\/pages"}],"about":[{"href":"https:\/\/vdf-moldes.com\/index.php?rest_route=\/wp\/v2\/types\/page"}],"author":[{"embeddable":true,"href":"https:\/\/vdf-moldes.com\/index.php?rest_route=\/wp\/v2\/users\/1"}],"replies":[{"embeddable":true,"href":"https:\/\/vdf-moldes.com\/index.php?rest_route=%2Fwp%2Fv2%2Fcomments&post=172"}],"version-history":[{"count":5,"href":"https:\/\/vdf-moldes.com\/index.php?rest_route=\/wp\/v2\/pages\/172\/revisions"}],"predecessor-version":[{"id":345,"href":"https:\/\/vdf-moldes.com\/index.php?rest_route=\/wp\/v2\/pages\/172\/revisions\/345"}],"up":[{"embeddable":true,"href":"https:\/\/vdf-moldes.com\/index.php?rest_route=\/wp\/v2\/pages\/24"}],"wp:attachment":[{"href":"https:\/\/vdf-moldes.com\/index.php?rest_route=%2Fwp%2Fv2%2Fmedia&parent=172"}],"curies":[{"name":"wp","href":"https:\/\/api.w.org\/{rel}","templated":true}]}}