{"id":63,"date":"2020-11-09T13:06:13","date_gmt":"2020-11-09T11:06:13","guid":{"rendered":"http:\/\/vdfalcao.imdveg5o9e-ewx3llzl83zq.p.temp-site.link\/?page_id=63"},"modified":"2020-12-18T20:07:55","modified_gmt":"2020-12-18T18:07:55","slug":"pre-etude","status":"publish","type":"page","link":"https:\/\/vdf-moldes.com\/?page_id=63","title":{"rendered":"Pr\u00e9-\u00e9tude"},"content":{"rendered":"\n<p>Avec plus de 35 ann\u00e9es d&#8217;exp\u00e9riences en Plasturgie, nous agissons r\u00e9guli\u00e8rement comme conseillers en phase pr\u00e9liminaire de projet.<\/p>\n\n\n\n<p>Notre savoir-faire en composants, outillages mais \u00e9galement en syst\u00e8mes de canaux chauds nous permet d&#8217;assurer une analyse compl\u00e8te de vos projets tout en optimisant dans 80% des cas, le d\u00e9lai de vos pr\u00e9-\u00e9tudes avant lancement en fabrication.<\/p>\n\n\n\n<p><strong>Nos points forts:<\/strong><\/p>\n\n\n\n<ul class=\"wp-block-list\"><li>Comp\u00e9tences techniques globales<\/li><li>Rapidit\u00e9 d&#8217;analyse de vos conceptions<\/li><li>Force de proposition et de conseils<\/li><li>Solutions efficaces et astucieuses<\/li><li>Rapports complets et imag\u00e9s<\/li><\/ul>\n\n\n\n<p><\/p>\n","protected":false},"excerpt":{"rendered":"<p>Avec plus de 35 ann\u00e9es d&#8217;exp\u00e9riences en Plasturgie, nous agissons r\u00e9guli\u00e8rement comme conseillers en phase pr\u00e9liminaire de projet. Notre savoir-faire en composants, outillages mais \u00e9galement en syst\u00e8mes de canaux chauds nous permet d&#8217;assurer une analyse compl\u00e8te de vos projets tout en optimisant dans 80% des cas, le d\u00e9lai de vos pr\u00e9-\u00e9tudes avant lancement en fabrication. [&hellip;]<\/p>\n","protected":false},"author":1,"featured_media":0,"parent":24,"menu_order":0,"comment_status":"closed","ping_status":"closed","template":"templates\/template_page-full-width.php","meta":{"footnotes":""},"class_list":["post-63","page","type-page","status-publish","hentry"],"_links":{"self":[{"href":"https:\/\/vdf-moldes.com\/index.php?rest_route=\/wp\/v2\/pages\/63","targetHints":{"allow":["GET"]}}],"collection":[{"href":"https:\/\/vdf-moldes.com\/index.php?rest_route=\/wp\/v2\/pages"}],"about":[{"href":"https:\/\/vdf-moldes.com\/index.php?rest_route=\/wp\/v2\/types\/page"}],"author":[{"embeddable":true,"href":"https:\/\/vdf-moldes.com\/index.php?rest_route=\/wp\/v2\/users\/1"}],"replies":[{"embeddable":true,"href":"https:\/\/vdf-moldes.com\/index.php?rest_route=%2Fwp%2Fv2%2Fcomments&post=63"}],"version-history":[{"count":3,"href":"https:\/\/vdf-moldes.com\/index.php?rest_route=\/wp\/v2\/pages\/63\/revisions"}],"predecessor-version":[{"id":350,"href":"https:\/\/vdf-moldes.com\/index.php?rest_route=\/wp\/v2\/pages\/63\/revisions\/350"}],"up":[{"embeddable":true,"href":"https:\/\/vdf-moldes.com\/index.php?rest_route=\/wp\/v2\/pages\/24"}],"wp:attachment":[{"href":"https:\/\/vdf-moldes.com\/index.php?rest_route=%2Fwp%2Fv2%2Fmedia&parent=63"}],"curies":[{"name":"wp","href":"https:\/\/api.w.org\/{rel}","templated":true}]}}