{"id":65,"date":"2020-11-09T13:09:33","date_gmt":"2020-11-09T11:09:33","guid":{"rendered":"http:\/\/vdfalcao.imdveg5o9e-ewx3llzl83zq.p.temp-site.link\/?page_id=65"},"modified":"2020-12-18T21:30:43","modified_gmt":"2020-12-18T19:30:43","slug":"suivi-de-projet","status":"publish","type":"page","link":"https:\/\/vdf-moldes.com\/?page_id=65","title":{"rendered":"Suivi de Projet"},"content":{"rendered":"\n<p>Une fois l&#8217;outillage lanc\u00e9 en fabrication, VDF Moldes se charge de suivre votre\/vos projet(s) dans les moindres d\u00e9tails.<\/p>\n\n\n\n<p><strong>Respect du planning<\/strong><\/p>\n\n\n\n<p>Nous suivons chaque projet en respectant les consignes et les d\u00e9lais exig\u00e9s. D\u00e8s lors qu&#8217;un outillage pr\u00e9sente un risque de retard, nous alertons au pr\u00e9alable les diff\u00e9rents intervenants afin de trouver ensemble les solutions pour revenir aux d\u00e9lais fix\u00e9s.<\/p>\n\n\n\n<p><strong>Respect de la qualit\u00e9<\/strong><\/p>\n\n\n\n<p>Chaque projet est accompagn\u00e9 par nos visites sur sites. Lors de celles-ci, VDF Moldes se charge d&#8217;effectuer tous les relev\u00e9s et le contr\u00f4le qualit\u00e9. Chaque rapport envoy\u00e9 inclus les photos et des remarques, pr\u00e9sentant ainsi un \u00e9tat d&#8217;avancement et une qualit\u00e9 au fur et \u00e0 mesure de l&#8217;avancement des usinages.<\/p>\n\n\n\n<p><strong>Optimisation des Essais<\/strong><\/p>\n\n\n\n<p>Une fois l\u2019outillage assembl\u00e9, VDF Moldes vous accompagne lors des essais et optimisera avec le mouliste en charge, les r\u00e9glages de mise au point jusqu&#8217;\u00e0 obtenir le r\u00e9sultat attendu. Nos pr\u00e9sences aux essais sont toujours accompagn\u00e9s de rapports complets soulevant les \u00e9ventuelles non-conformit\u00e9s et d\u2019une Fiche Technique d\u2019Injection.<\/p>\n","protected":false},"excerpt":{"rendered":"<p>Une fois l&#8217;outillage lanc\u00e9 en fabrication, VDF Moldes se charge de suivre votre\/vos projet(s) dans les moindres d\u00e9tails. Respect du planning Nous suivons chaque projet en respectant les consignes et les d\u00e9lais exig\u00e9s. D\u00e8s lors qu&#8217;un outillage pr\u00e9sente un risque de retard, nous alertons au pr\u00e9alable les diff\u00e9rents intervenants afin de trouver ensemble les solutions [&hellip;]<\/p>\n","protected":false},"author":1,"featured_media":0,"parent":24,"menu_order":1,"comment_status":"closed","ping_status":"closed","template":"templates\/blog-grid-full-width.php","meta":{"footnotes":""},"class_list":["post-65","page","type-page","status-publish","hentry"],"_links":{"self":[{"href":"https:\/\/vdf-moldes.com\/index.php?rest_route=\/wp\/v2\/pages\/65","targetHints":{"allow":["GET"]}}],"collection":[{"href":"https:\/\/vdf-moldes.com\/index.php?rest_route=\/wp\/v2\/pages"}],"about":[{"href":"https:\/\/vdf-moldes.com\/index.php?rest_route=\/wp\/v2\/types\/page"}],"author":[{"embeddable":true,"href":"https:\/\/vdf-moldes.com\/index.php?rest_route=\/wp\/v2\/users\/1"}],"replies":[{"embeddable":true,"href":"https:\/\/vdf-moldes.com\/index.php?rest_route=%2Fwp%2Fv2%2Fcomments&post=65"}],"version-history":[{"count":3,"href":"https:\/\/vdf-moldes.com\/index.php?rest_route=\/wp\/v2\/pages\/65\/revisions"}],"predecessor-version":[{"id":351,"href":"https:\/\/vdf-moldes.com\/index.php?rest_route=\/wp\/v2\/pages\/65\/revisions\/351"}],"up":[{"embeddable":true,"href":"https:\/\/vdf-moldes.com\/index.php?rest_route=\/wp\/v2\/pages\/24"}],"wp:attachment":[{"href":"https:\/\/vdf-moldes.com\/index.php?rest_route=%2Fwp%2Fv2%2Fmedia&parent=65"}],"curies":[{"name":"wp","href":"https:\/\/api.w.org\/{rel}","templated":true}]}}