{"id":67,"date":"2020-11-09T13:10:17","date_gmt":"2020-11-09T11:10:17","guid":{"rendered":"http:\/\/vdfalcao.imdveg5o9e-ewx3llzl83zq.p.temp-site.link\/?page_id=67"},"modified":"2020-12-18T21:37:59","modified_gmt":"2020-12-18T19:37:59","slug":"assistance","status":"publish","type":"page","link":"https:\/\/vdf-moldes.com\/?page_id=67","title":{"rendered":"Assistance"},"content":{"rendered":"\n<p>En cas de besoin, nous nous rendons sur site en urgence pour analyser toute situation probl\u00e9matique. Nous chercherons avec vous les solutions adapt\u00e9es dans les plus brefs d\u00e9lais.<\/p>\n\n\n\n<p><strong>Travailler avec VDF Moldes, c&#8217;est pouvoir compter sur le professionnalisme d&#8217;un partenaire de confiance.<\/strong><\/p>\n","protected":false},"excerpt":{"rendered":"<p>En cas de besoin, nous nous rendons sur site en urgence pour analyser toute situation probl\u00e9matique. Nous chercherons avec vous les solutions adapt\u00e9es dans les plus brefs d\u00e9lais. Travailler avec VDF Moldes, c&#8217;est pouvoir compter sur le professionnalisme d&#8217;un partenaire de confiance.<\/p>\n","protected":false},"author":1,"featured_media":0,"parent":24,"menu_order":2,"comment_status":"closed","ping_status":"closed","template":"templates\/template_page-full-width.php","meta":{"footnotes":""},"class_list":["post-67","page","type-page","status-publish","hentry"],"_links":{"self":[{"href":"https:\/\/vdf-moldes.com\/index.php?rest_route=\/wp\/v2\/pages\/67","targetHints":{"allow":["GET"]}}],"collection":[{"href":"https:\/\/vdf-moldes.com\/index.php?rest_route=\/wp\/v2\/pages"}],"about":[{"href":"https:\/\/vdf-moldes.com\/index.php?rest_route=\/wp\/v2\/types\/page"}],"author":[{"embeddable":true,"href":"https:\/\/vdf-moldes.com\/index.php?rest_route=\/wp\/v2\/users\/1"}],"replies":[{"embeddable":true,"href":"https:\/\/vdf-moldes.com\/index.php?rest_route=%2Fwp%2Fv2%2Fcomments&post=67"}],"version-history":[{"count":4,"href":"https:\/\/vdf-moldes.com\/index.php?rest_route=\/wp\/v2\/pages\/67\/revisions"}],"predecessor-version":[{"id":353,"href":"https:\/\/vdf-moldes.com\/index.php?rest_route=\/wp\/v2\/pages\/67\/revisions\/353"}],"up":[{"embeddable":true,"href":"https:\/\/vdf-moldes.com\/index.php?rest_route=\/wp\/v2\/pages\/24"}],"wp:attachment":[{"href":"https:\/\/vdf-moldes.com\/index.php?rest_route=%2Fwp%2Fv2%2Fmedia&parent=67"}],"curies":[{"name":"wp","href":"https:\/\/api.w.org\/{rel}","templated":true}]}}